{"id":92,"date":"2016-03-07T20:46:04","date_gmt":"2016-03-08T02:46:04","guid":{"rendered":"http:\/\/www.chocolateradehonduras.com\/?page_id=92"},"modified":"2016-03-07T20:46:04","modified_gmt":"2016-03-08T02:46:04","slug":"manteca-de-cacao","status":"publish","type":"page","link":"https:\/\/www.chocolateradehonduras.com\/?page_id=92","title":{"rendered":"Manteca de Cacao"},"content":{"rendered":"<p><img loading=\"lazy\" decoding=\"async\" data-attachment-id=\"93\" data-permalink=\"https:\/\/www.chocolateradehonduras.com\/?attachment_id=93\" data-orig-file=\"https:\/\/i0.wp.com\/www.chocolateradehonduras.com\/wp-content\/uploads\/2016\/03\/Manteca.png?fit=2550%2C1650&amp;ssl=1\" data-orig-size=\"2550,1650\" data-comments-opened=\"1\" data-image-meta=\"{&quot;aperture&quot;:&quot;0&quot;,&quot;credit&quot;:&quot;&quot;,&quot;camera&quot;:&quot;&quot;,&quot;caption&quot;:&quot;&quot;,&quot;created_timestamp&quot;:&quot;0&quot;,&quot;copyright&quot;:&quot;&quot;,&quot;focal_length&quot;:&quot;0&quot;,&quot;iso&quot;:&quot;0&quot;,&quot;shutter_speed&quot;:&quot;0&quot;,&quot;title&quot;:&quot;&quot;,&quot;orientation&quot;:&quot;0&quot;}\" data-image-title=\"Manteca\" data-image-description=\"\" data-image-caption=\"\" data-medium-file=\"https:\/\/i0.wp.com\/www.chocolateradehonduras.com\/wp-content\/uploads\/2016\/03\/Manteca.png?fit=300%2C194&amp;ssl=1\" data-large-file=\"https:\/\/i0.wp.com\/www.chocolateradehonduras.com\/wp-content\/uploads\/2016\/03\/Manteca.png?fit=800%2C518&amp;ssl=1\" class=\"size-full wp-image-93\" src=\"https:\/\/i0.wp.com\/www.chocolateradehonduras.com\/wp-content\/uploads\/2016\/03\/Manteca.png?resize=800%2C518\" alt=\"Manteca\" width=\"800\" height=\"518\" srcset=\"https:\/\/i0.wp.com\/www.chocolateradehonduras.com\/wp-content\/uploads\/2016\/03\/Manteca.png?w=2550&amp;ssl=1 2550w, https:\/\/i0.wp.com\/www.chocolateradehonduras.com\/wp-content\/uploads\/2016\/03\/Manteca.png?resize=300%2C194&amp;ssl=1 300w, https:\/\/i0.wp.com\/www.chocolateradehonduras.com\/wp-content\/uploads\/2016\/03\/Manteca.png?resize=768%2C497&amp;ssl=1 768w, https:\/\/i0.wp.com\/www.chocolateradehonduras.com\/wp-content\/uploads\/2016\/03\/Manteca.png?resize=1024%2C663&amp;ssl=1 1024w, https:\/\/i0.wp.com\/www.chocolateradehonduras.com\/wp-content\/uploads\/2016\/03\/Manteca.png?resize=232%2C150&amp;ssl=1 232w, https:\/\/i0.wp.com\/www.chocolateradehonduras.com\/wp-content\/uploads\/2016\/03\/Manteca.png?resize=150%2C97&amp;ssl=1 150w, https:\/\/i0.wp.com\/www.chocolateradehonduras.com\/wp-content\/uploads\/2016\/03\/Manteca.png?w=1600 1600w, https:\/\/i0.wp.com\/www.chocolateradehonduras.com\/wp-content\/uploads\/2016\/03\/Manteca.png?w=2400 2400w\" sizes=\"auto, (max-width: 800px) 100vw, 800px\" data-recalc-dims=\"1\" \/><\/p>\n","protected":false},"excerpt":{"rendered":"<p> <a class=\"continue-reading-link\" href=\"https:\/\/www.chocolateradehonduras.com\/?page_id=92\"> Continue reading<\/a><\/p>\n","protected":false},"author":2,"featured_media":0,"parent":29,"menu_order":0,"comment_status":"closed","ping_status":"closed","template":"","meta":{"jetpack_post_was_ever_published":false,"footnotes":""},"class_list":["post-92","page","type-page","status-publish","hentry"],"jetpack_sharing_enabled":true,"jetpack_shortlink":"https:\/\/wp.me\/P6nYsI-1u","jetpack-related-posts":[{"id":19,"url":"https:\/\/www.chocolateradehonduras.com\/?page_id=19","url_meta":{"origin":92,"position":0},"title":"Nuestra Historia","author":"info@musicadelsol.com","date":"24\/06\/2015","format":false,"excerpt":"COMO NACE INDUSTRIA CHOCOLATERA DE HONDURAS INDUSTRIA CHOCOLATERA DE HONDURAS nace en el\u00a0\u00a02009, una de sus fundadoras ONDINA DUB\u00d3N, despu\u00e9s de trabajar por 23 a\u00f1os en una prestigiosa empresa de la ciudad de San Pedro Sula, se ve afectada por un recorte de personal debido a cambios estructurales que la\u2026","rel":"","context":"Entrada similar","block_context":{"text":"Entrada similar","link":""},"img":{"alt_text":"cover1","src":"https:\/\/i0.wp.com\/www.chocolateradehonduras.com\/wp-content\/uploads\/2015\/06\/cover1.png?resize=350%2C200","width":350,"height":200,"srcset":"https:\/\/i0.wp.com\/www.chocolateradehonduras.com\/wp-content\/uploads\/2015\/06\/cover1.png?resize=350%2C200 1x, https:\/\/i0.wp.com\/www.chocolateradehonduras.com\/wp-content\/uploads\/2015\/06\/cover1.png?resize=525%2C300 1.5x, https:\/\/i0.wp.com\/www.chocolateradehonduras.com\/wp-content\/uploads\/2015\/06\/cover1.png?resize=700%2C400 2x"},"classes":[]},{"id":38,"url":"https:\/\/www.chocolateradehonduras.com\/?page_id=38","url_meta":{"origin":92,"position":1},"title":"Nibs","author":"info@musicadelsol.com","date":"24\/06\/2015","format":false,"excerpt":"","rel":"","context":"Entrada similar","block_context":{"text":"Entrada similar","link":""},"img":{"alt_text":"Cacao Garapi\u00c3\u00b1ado","src":"https:\/\/i0.wp.com\/www.chocolateradehonduras.com\/wp-content\/uploads\/2015\/06\/Garapi\u00c3\u00b1ado.png?resize=350%2C200","width":350,"height":200,"srcset":"https:\/\/i0.wp.com\/www.chocolateradehonduras.com\/wp-content\/uploads\/2015\/06\/Garapi\u00c3\u00b1ado.png?resize=350%2C200 1x, https:\/\/i0.wp.com\/www.chocolateradehonduras.com\/wp-content\/uploads\/2015\/06\/Garapi\u00c3\u00b1ado.png?resize=525%2C300 1.5x, https:\/\/i0.wp.com\/www.chocolateradehonduras.com\/wp-content\/uploads\/2015\/06\/Garapi\u00c3\u00b1ado.png?resize=700%2C400 2x, https:\/\/i0.wp.com\/www.chocolateradehonduras.com\/wp-content\/uploads\/2015\/06\/Garapi\u00c3\u00b1ado.png?resize=1050%2C600 3x, https:\/\/i0.wp.com\/www.chocolateradehonduras.com\/wp-content\/uploads\/2015\/06\/Garapi\u00c3\u00b1ado.png?resize=1400%2C800 4x"},"classes":[]},{"id":31,"url":"https:\/\/www.chocolateradehonduras.com\/?page_id=31","url_meta":{"origin":92,"position":2},"title":"Contactos","author":"info@musicadelsol.com","date":"24\/06\/2015","format":false,"excerpt":"Gracias por el inter\u00e9s en nuestros productos, env\u00edanos un mensaje mediante el formulario oficial,\u00a0con gusto nos pondremos en contacto. Industria Chocolatera de Honduras S.A. de C.V San Pedro Sula, Honduras.","rel":"","context":"Con 2 comentarios","block_context":{"text":"Con 2 comentarios","link":"https:\/\/www.chocolateradehonduras.com\/?page_id=31#comments"},"img":{"alt_text":"","src":"","width":0,"height":0},"classes":[]}],"_links":{"self":[{"href":"https:\/\/www.chocolateradehonduras.com\/index.php?rest_route=\/wp\/v2\/pages\/92","targetHints":{"allow":["GET"]}}],"collection":[{"href":"https:\/\/www.chocolateradehonduras.com\/index.php?rest_route=\/wp\/v2\/pages"}],"about":[{"href":"https:\/\/www.chocolateradehonduras.com\/index.php?rest_route=\/wp\/v2\/types\/page"}],"author":[{"embeddable":true,"href":"https:\/\/www.chocolateradehonduras.com\/index.php?rest_route=\/wp\/v2\/users\/2"}],"replies":[{"embeddable":true,"href":"https:\/\/www.chocolateradehonduras.com\/index.php?rest_route=%2Fwp%2Fv2%2Fcomments&post=92"}],"version-history":[{"count":1,"href":"https:\/\/www.chocolateradehonduras.com\/index.php?rest_route=\/wp\/v2\/pages\/92\/revisions"}],"predecessor-version":[{"id":94,"href":"https:\/\/www.chocolateradehonduras.com\/index.php?rest_route=\/wp\/v2\/pages\/92\/revisions\/94"}],"up":[{"embeddable":true,"href":"https:\/\/www.chocolateradehonduras.com\/index.php?rest_route=\/wp\/v2\/pages\/29"}],"wp:attachment":[{"href":"https:\/\/www.chocolateradehonduras.com\/index.php?rest_route=%2Fwp%2Fv2%2Fmedia&parent=92"}],"curies":[{"name":"wp","href":"https:\/\/api.w.org\/{rel}","templated":true}]}}