{"id":29,"date":"2015-06-24T16:00:35","date_gmt":"2015-06-24T22:00:35","guid":{"rendered":"http:\/\/www.chocolateradehonduras.com\/?page_id=29"},"modified":"2016-03-04T18:03:41","modified_gmt":"2016-03-05T00:03:41","slug":"nuestras-marcas","status":"publish","type":"page","link":"https:\/\/www.chocolateradehonduras.com\/?page_id=29","title":{"rendered":"Nuestros Productos"},"content":{"rendered":"<div data-configid=\"4735925\/33909331\" style=\"width: 800px; height: 517px;\" class=\"issuuembed\"><\/div>\n<p><script type=\"text\/javascript\" src=\"\/\/e.issuu.com\/embed.js\" async=\"true\"><\/script><\/p>\n","protected":false},"excerpt":{"rendered":"<p> <a class=\"continue-reading-link\" href=\"https:\/\/www.chocolateradehonduras.com\/?page_id=29\"> Continue reading<\/a><\/p>\n","protected":false},"author":1,"featured_media":0,"parent":0,"menu_order":0,"comment_status":"open","ping_status":"open","template":"","meta":{"jetpack_post_was_ever_published":false,"footnotes":""},"class_list":["post-29","page","type-page","status-publish","hentry"],"jetpack_sharing_enabled":true,"jetpack_shortlink":"https:\/\/wp.me\/P6nYsI-t","jetpack-related-posts":[{"id":31,"url":"https:\/\/www.chocolateradehonduras.com\/?page_id=31","url_meta":{"origin":29,"position":0},"title":"Contactos","author":"info@musicadelsol.com","date":"24\/06\/2015","format":false,"excerpt":"Gracias por el inter\u00e9s en nuestros productos, env\u00edanos un mensaje mediante el formulario oficial,\u00a0con gusto nos pondremos en contacto. Industria Chocolatera de Honduras S.A. de C.V San Pedro Sula, Honduras.","rel":"","context":"Con 2 comentarios","block_context":{"text":"Con 2 comentarios","link":"https:\/\/www.chocolateradehonduras.com\/?page_id=31#comments"},"img":{"alt_text":"","src":"","width":0,"height":0},"classes":[]},{"id":19,"url":"https:\/\/www.chocolateradehonduras.com\/?page_id=19","url_meta":{"origin":29,"position":1},"title":"Nuestra Historia","author":"info@musicadelsol.com","date":"24\/06\/2015","format":false,"excerpt":"COMO NACE INDUSTRIA CHOCOLATERA DE HONDURAS INDUSTRIA CHOCOLATERA DE HONDURAS nace en el\u00a0\u00a02009, una de sus fundadoras ONDINA DUB\u00d3N, despu\u00e9s de trabajar por 23 a\u00f1os en una prestigiosa empresa de la ciudad de San Pedro Sula, se ve afectada por un recorte de personal debido a cambios estructurales que la\u2026","rel":"","context":"Entrada similar","block_context":{"text":"Entrada similar","link":""},"img":{"alt_text":"cover1","src":"https:\/\/i0.wp.com\/www.chocolateradehonduras.com\/wp-content\/uploads\/2015\/06\/cover1.png?resize=350%2C200","width":350,"height":200,"srcset":"https:\/\/i0.wp.com\/www.chocolateradehonduras.com\/wp-content\/uploads\/2015\/06\/cover1.png?resize=350%2C200 1x, https:\/\/i0.wp.com\/www.chocolateradehonduras.com\/wp-content\/uploads\/2015\/06\/cover1.png?resize=525%2C300 1.5x, https:\/\/i0.wp.com\/www.chocolateradehonduras.com\/wp-content\/uploads\/2015\/06\/cover1.png?resize=700%2C400 2x"},"classes":[]}],"_links":{"self":[{"href":"https:\/\/www.chocolateradehonduras.com\/index.php?rest_route=\/wp\/v2\/pages\/29","targetHints":{"allow":["GET"]}}],"collection":[{"href":"https:\/\/www.chocolateradehonduras.com\/index.php?rest_route=\/wp\/v2\/pages"}],"about":[{"href":"https:\/\/www.chocolateradehonduras.com\/index.php?rest_route=\/wp\/v2\/types\/page"}],"author":[{"embeddable":true,"href":"https:\/\/www.chocolateradehonduras.com\/index.php?rest_route=\/wp\/v2\/users\/1"}],"replies":[{"embeddable":true,"href":"https:\/\/www.chocolateradehonduras.com\/index.php?rest_route=%2Fwp%2Fv2%2Fcomments&post=29"}],"version-history":[{"count":6,"href":"https:\/\/www.chocolateradehonduras.com\/index.php?rest_route=\/wp\/v2\/pages\/29\/revisions"}],"predecessor-version":[{"id":87,"href":"https:\/\/www.chocolateradehonduras.com\/index.php?rest_route=\/wp\/v2\/pages\/29\/revisions\/87"}],"wp:attachment":[{"href":"https:\/\/www.chocolateradehonduras.com\/index.php?rest_route=%2Fwp%2Fv2%2Fmedia&parent=29"}],"curies":[{"name":"wp","href":"https:\/\/api.w.org\/{rel}","templated":true}]}}