{"id":19,"date":"2015-06-24T01:06:58","date_gmt":"2015-06-24T07:06:58","guid":{"rendered":"http:\/\/www.chocolateradehonduras.com\/?page_id=19"},"modified":"2015-10-21T14:58:18","modified_gmt":"2015-10-21T20:58:18","slug":"nuestra-historia","status":"publish","type":"page","link":"https:\/\/www.chocolateradehonduras.com\/?page_id=19","title":{"rendered":"Nuestra Historia"},"content":{"rendered":"<p><strong><a href=\"https:\/\/i0.wp.com\/www.chocolateradehonduras.com\/wp-content\/uploads\/2015\/06\/cover1.png\"><img loading=\"lazy\" decoding=\"async\" data-attachment-id=\"5\" data-permalink=\"https:\/\/www.chocolateradehonduras.com\/?attachment_id=5\" data-orig-file=\"https:\/\/i0.wp.com\/www.chocolateradehonduras.com\/wp-content\/uploads\/2015\/06\/cover1.png?fit=851%2C315&amp;ssl=1\" data-orig-size=\"851,315\" data-comments-opened=\"1\" data-image-meta=\"{&quot;aperture&quot;:&quot;0&quot;,&quot;credit&quot;:&quot;&quot;,&quot;camera&quot;:&quot;&quot;,&quot;caption&quot;:&quot;&quot;,&quot;created_timestamp&quot;:&quot;0&quot;,&quot;copyright&quot;:&quot;&quot;,&quot;focal_length&quot;:&quot;0&quot;,&quot;iso&quot;:&quot;0&quot;,&quot;shutter_speed&quot;:&quot;0&quot;,&quot;title&quot;:&quot;&quot;,&quot;orientation&quot;:&quot;0&quot;}\" data-image-title=\"cover1\" data-image-description=\"\" data-image-caption=\"\" data-medium-file=\"https:\/\/i0.wp.com\/www.chocolateradehonduras.com\/wp-content\/uploads\/2015\/06\/cover1.png?fit=300%2C111&amp;ssl=1\" data-large-file=\"https:\/\/i0.wp.com\/www.chocolateradehonduras.com\/wp-content\/uploads\/2015\/06\/cover1.png?fit=800%2C296&amp;ssl=1\" class=\"alignleft size-full wp-image-5\" src=\"https:\/\/i0.wp.com\/www.chocolateradehonduras.com\/wp-content\/uploads\/2015\/06\/cover1.png?resize=800%2C296\" alt=\"cover1\" width=\"800\" height=\"296\" srcset=\"https:\/\/i0.wp.com\/www.chocolateradehonduras.com\/wp-content\/uploads\/2015\/06\/cover1.png?w=851&amp;ssl=1 851w, https:\/\/i0.wp.com\/www.chocolateradehonduras.com\/wp-content\/uploads\/2015\/06\/cover1.png?resize=300%2C111&amp;ssl=1 300w\" sizes=\"auto, (max-width: 800px) 100vw, 800px\" data-recalc-dims=\"1\" \/><\/a>COMO NACE INDUSTRIA CHOCOLATERA DE HONDURAS<\/strong><\/p>\n<p style=\"text-align: left;\">INDUSTRIA CHOCOLATERA DE HONDURAS nace en el\u00a0\u00a02009, una de sus fundadoras ONDINA DUB\u00d3N, despu\u00e9s de trabajar por 23 a\u00f1os en una prestigiosa empresa de la ciudad de San Pedro Sula, se ve afectada por un recorte de personal debido a cambios estructurales que la empresa tuvo en ese entonces.\u00a0Siendo ella una mujer que desde la edad de 7 a\u00f1os mostr\u00f3 sus luchas y sus emprendimientos, desarrollando todo tipo de actividades para generar ingresos al hogar de 10 hermanos del cual ella ven\u00eda, se vio en la necesidad de\u00a0buscar formas puntuales para\u00a0generar ingresos para el hogar. Impulsada por el recuerdo nost\u00e1lgico de su infancia, cuando ayudaba a su madre a elaborar peque\u00f1as tabletas de chocolate y sal\u00eda todos los d\u00edas a las calles de su pueblo a venderlo a las pulper\u00edas y a las mujeres que reci\u00e9n hab\u00edan dado a luz, pues era costumbre en aquella \u00e9poca que las mujeres consumieran chocolate caliente para generar m\u00e1s leche materna para darle al bebe,\u00a0le propone a su hija ONDINA JARQU\u00cdN\u00a0 que se asocie con ella para formar una peque\u00f1a empresa transformadora de cacao, elaborando desde luego aquella nost\u00e1lgica tableta de chocolate que hacia cuando era peque\u00f1a con su madre ERNESTINA L\u00d3PEZ.<\/p>\n<p style=\"text-align: left;\">Hoy INDUSTRIA CHOCOLATERA HONDURE\u00d1A, es una micro empresa que produce ademas del tradicional producto nost\u00e1lgico antes mencionado, una serie de productos artesanales de alta calidad derivados del cacao, que la ubican como referencia obligada cuando se habla de\u00a0chocolate gourmet en Honduras.<\/p>\n","protected":false},"excerpt":{"rendered":"<p>COMO NACE INDUSTRIA CHOCOLATERA DE HONDURAS INDUSTRIA CHOCOLATERA DE HONDURAS nace en el\u00a0\u00a02009, una de sus fundadoras ONDINA DUB\u00d3N, despu\u00e9s de trabajar por 23 a\u00f1os en una prestigiosa empresa de la ciudad de San Pedro Sula, se ve afectada por un recorte de personal debido a cambios estructurales que la \u2026 <a class=\"continue-reading-link\" href=\"https:\/\/www.chocolateradehonduras.com\/?page_id=19\"> Continue reading<\/a><\/p>\n","protected":false},"author":1,"featured_media":0,"parent":0,"menu_order":0,"comment_status":"open","ping_status":"open","template":"","meta":{"jetpack_post_was_ever_published":false,"footnotes":""},"class_list":["post-19","page","type-page","status-publish","hentry"],"jetpack_sharing_enabled":true,"jetpack_shortlink":"https:\/\/wp.me\/P6nYsI-j","jetpack-related-posts":[{"id":31,"url":"https:\/\/www.chocolateradehonduras.com\/?page_id=31","url_meta":{"origin":19,"position":0},"title":"Contactos","author":"info@musicadelsol.com","date":"24\/06\/2015","format":false,"excerpt":"Gracias por el inter\u00e9s en nuestros productos, env\u00edanos un mensaje mediante el formulario oficial,\u00a0con gusto nos pondremos en contacto. Industria Chocolatera de Honduras S.A. de C.V San Pedro Sula, Honduras.","rel":"","context":"Con 2 comentarios","block_context":{"text":"Con 2 comentarios","link":"https:\/\/www.chocolateradehonduras.com\/?page_id=31#comments"},"img":{"alt_text":"","src":"","width":0,"height":0},"classes":[]},{"id":80,"url":"https:\/\/www.chocolateradehonduras.com\/?page_id=80","url_meta":{"origin":19,"position":1},"title":"Sirope","author":"Web Master Chocolatera","date":"04\/03\/2016","format":false,"excerpt":"","rel":"","context":"Entrada similar","block_context":{"text":"Entrada similar","link":""},"img":{"alt_text":"Sirope","src":"https:\/\/i0.wp.com\/www.chocolateradehonduras.com\/wp-content\/uploads\/2016\/03\/Sirope.png?resize=350%2C200","width":350,"height":200,"srcset":"https:\/\/i0.wp.com\/www.chocolateradehonduras.com\/wp-content\/uploads\/2016\/03\/Sirope.png?resize=350%2C200 1x, https:\/\/i0.wp.com\/www.chocolateradehonduras.com\/wp-content\/uploads\/2016\/03\/Sirope.png?resize=525%2C300 1.5x, https:\/\/i0.wp.com\/www.chocolateradehonduras.com\/wp-content\/uploads\/2016\/03\/Sirope.png?resize=700%2C400 2x, https:\/\/i0.wp.com\/www.chocolateradehonduras.com\/wp-content\/uploads\/2016\/03\/Sirope.png?resize=1050%2C600 3x, https:\/\/i0.wp.com\/www.chocolateradehonduras.com\/wp-content\/uploads\/2016\/03\/Sirope.png?resize=1400%2C800 4x"},"classes":[]},{"id":88,"url":"https:\/\/www.chocolateradehonduras.com\/?page_id=88","url_meta":{"origin":19,"position":2},"title":"Chocolate Amargo","author":"Web Master Chocolatera","date":"04\/03\/2016","format":false,"excerpt":"","rel":"","context":"Entrada similar","block_context":{"text":"Entrada similar","link":""},"img":{"alt_text":"Amargo","src":"https:\/\/i0.wp.com\/www.chocolateradehonduras.com\/wp-content\/uploads\/2016\/03\/Amargo.png?resize=350%2C200","width":350,"height":200,"srcset":"https:\/\/i0.wp.com\/www.chocolateradehonduras.com\/wp-content\/uploads\/2016\/03\/Amargo.png?resize=350%2C200 1x, https:\/\/i0.wp.com\/www.chocolateradehonduras.com\/wp-content\/uploads\/2016\/03\/Amargo.png?resize=525%2C300 1.5x, https:\/\/i0.wp.com\/www.chocolateradehonduras.com\/wp-content\/uploads\/2016\/03\/Amargo.png?resize=700%2C400 2x, https:\/\/i0.wp.com\/www.chocolateradehonduras.com\/wp-content\/uploads\/2016\/03\/Amargo.png?resize=1050%2C600 3x, https:\/\/i0.wp.com\/www.chocolateradehonduras.com\/wp-content\/uploads\/2016\/03\/Amargo.png?resize=1400%2C800 4x"},"classes":[]},{"id":92,"url":"https:\/\/www.chocolateradehonduras.com\/?page_id=92","url_meta":{"origin":19,"position":3},"title":"Manteca de Cacao","author":"Web Master Chocolatera","date":"07\/03\/2016","format":false,"excerpt":"","rel":"","context":"Entrada similar","block_context":{"text":"Entrada similar","link":""},"img":{"alt_text":"Manteca","src":"https:\/\/i0.wp.com\/www.chocolateradehonduras.com\/wp-content\/uploads\/2016\/03\/Manteca.png?resize=350%2C200","width":350,"height":200,"srcset":"https:\/\/i0.wp.com\/www.chocolateradehonduras.com\/wp-content\/uploads\/2016\/03\/Manteca.png?resize=350%2C200 1x, https:\/\/i0.wp.com\/www.chocolateradehonduras.com\/wp-content\/uploads\/2016\/03\/Manteca.png?resize=525%2C300 1.5x, https:\/\/i0.wp.com\/www.chocolateradehonduras.com\/wp-content\/uploads\/2016\/03\/Manteca.png?resize=700%2C400 2x, https:\/\/i0.wp.com\/www.chocolateradehonduras.com\/wp-content\/uploads\/2016\/03\/Manteca.png?resize=1050%2C600 3x, https:\/\/i0.wp.com\/www.chocolateradehonduras.com\/wp-content\/uploads\/2016\/03\/Manteca.png?resize=1400%2C800 4x"},"classes":[]}],"_links":{"self":[{"href":"https:\/\/www.chocolateradehonduras.com\/index.php?rest_route=\/wp\/v2\/pages\/19","targetHints":{"allow":["GET"]}}],"collection":[{"href":"https:\/\/www.chocolateradehonduras.com\/index.php?rest_route=\/wp\/v2\/pages"}],"about":[{"href":"https:\/\/www.chocolateradehonduras.com\/index.php?rest_route=\/wp\/v2\/types\/page"}],"author":[{"embeddable":true,"href":"https:\/\/www.chocolateradehonduras.com\/index.php?rest_route=\/wp\/v2\/users\/1"}],"replies":[{"embeddable":true,"href":"https:\/\/www.chocolateradehonduras.com\/index.php?rest_route=%2Fwp%2Fv2%2Fcomments&post=19"}],"version-history":[{"count":5,"href":"https:\/\/www.chocolateradehonduras.com\/index.php?rest_route=\/wp\/v2\/pages\/19\/revisions"}],"predecessor-version":[{"id":60,"href":"https:\/\/www.chocolateradehonduras.com\/index.php?rest_route=\/wp\/v2\/pages\/19\/revisions\/60"}],"wp:attachment":[{"href":"https:\/\/www.chocolateradehonduras.com\/index.php?rest_route=%2Fwp%2Fv2%2Fmedia&parent=19"}],"curies":[{"name":"wp","href":"https:\/\/api.w.org\/{rel}","templated":true}]}}